{"id":6,"date":"2011-12-08T12:41:37","date_gmt":"2011-12-08T12:41:37","guid":{"rendered":"http:\/\/www.reflexo-riviera.ch\/?page_id=6"},"modified":"2012-10-17T01:42:21","modified_gmt":"2012-10-17T00:42:21","slug":"accueil","status":"publish","type":"page","link":"https:\/\/www.reflexo-riviera.ch\/","title":{"rendered":"La r\u00e9flexologie"},"content":{"rendered":"<p style=\"text-align: justify;\"><span style=\"color: #1c5e08;\">La r\u00e9flexologie est un savoir ancestral trouvant ses racines il y a plusieurs mill\u00e9naires, au c\u0153ur des anciennes civilisations chinoise, indienne et \u00e9gyptienne.<\/span><\/p>\n<p style=\"text-align: justify;\"><span style=\"color: #1c5e08;\">Il ne s\u2019agit pas d\u2019un massage mais d\u2019un traitement pr\u00e9ventif et th\u00e9rapeutique: son but est de fortifier le syst\u00e8me immunitaire et stimuler les capacit\u00e9s de l\u2019organisme \u00e0 se gu\u00e9rir par lui-m\u00eame, dans l\u2019intention de conserver ou r\u00e9tablir de fa\u00e7on naturelle et sans effets secondaires, un bon \u00e9quilibre du corps, et, par cons\u00e9quent, une bonne sant\u00e9.<\/span><\/p>\n<p style=\"text-align: justify;\"><span style=\"color: #1c5e08;\">La r\u00e9flexologie favorise le fonctionnement naturel de l\u2019organisme, r\u00e9gularise les syst\u00e8mes hormonal, nerveux, immunitaire, digestif et locomoteur. Elle aide le corps \u00e0 \u00e9liminer les toxines, am\u00e9liore la circulation cardiovasculaire et lymphatique et a fait ses preuves contre les effets du stress\u00a0: en rel\u00e2chant les tensions nerveuses et musculaires, elle apporte un bien-\u00eatre imm\u00e9diat.<\/span><\/p>\n<p style=\"text-align: justify;\"><span style=\"color: #1c5e08;\">L&rsquo;\u00e9tendue des effets b\u00e9n\u00e9fiques de la r\u00e9flexologie est extr\u00eamement large, du fait que celle-ci active le m\u00e9canisme d&rsquo;auto-gu\u00e9rison et a une approche globale de l&rsquo;organisme: sur les plans physique, psychique et \u00e9motionnel\u00a0(fondements de la m\u00e9decine chinoise).<\/span><\/p>\n<p><span style=\"color: #7baa46;\">Pour n&rsquo;en citer que quelques-uns, voici des exemples de troubles pouvant \u00eatre soulag\u00e9s par la r\u00e9flexologie:<\/span><\/p>\n<p align=\"center\"><span style=\"color: #7baa46;\">Probl\u00e8mes li\u00e9s au stress, angoisse, crispation, nervosit\u00e9<\/span><br \/>\n<span style=\"color: #7baa46;\"> Insomnies, fatigue saisonni\u00e8re et manque d\u2019\u00e9nergie<\/span><br \/>\n<span style=\"color: #7baa46;\"> Migraines, Allergies, sinusites<\/span><br \/>\n<span style=\"color: #7baa46;\"> Douleurs musculaires, raideurs, tensions (nuque, \u00e9paules, dos,\u2026)<\/span><br \/>\n<span style=\"color: #7baa46;\"> Troubles digestifs<\/span><br \/>\n<span style=\"color: #7baa46;\"> Arthrose, rhumatismes, sciatique<\/span><br \/>\n<span style=\"color: #7baa46;\"> Jambes lourdes, probl\u00e8mes circulatoires<\/span><br \/>\n<span style=\"color: #7baa46;\"> Douleurs menstruelles, affections li\u00e9es \u00e0 la m\u00e9nopause<\/span><br \/>\n<span style=\"color: #7baa46;\"> Favorise le d\u00e9clenchement naturel du travail de l\u2019accouchement, soulagement pendant celui-ci et<br \/>\nr\u00e9\u00e9quilibre du corps apr\u00e8s la naissance du b\u00e9b\u00e9<br \/>\n&#8230;\u00a0<\/span><\/p>\n<h3 style=\"text-align: left;\"><\/h3>\n<h3 style=\"text-align: left;\"><span style=\"color: #1c5e08;\"><strong>Concr\u00e8tement, comment \u00e7a marche\u00a0?<\/strong><\/span><\/h3>\n<p style=\"text-align: justify;\"><span style=\"color: #1c5e08;\">Cette th\u00e9rapie naturelle utilise les terminaisons nerveuses situ\u00e9es sur les pieds, les mains et les oreilles (plus de 7200 uniquement sur un pied\u00a0!) selon le principe que ces &laquo;&nbsp;points et zones r\u00e9flexes&nbsp;&raquo; correspondent \u00e0 tous les organes, glandes et parties du corps. En exer\u00e7ant des pressions sp\u00e9cifiques sur ces r\u00e9flexes, une stimulation est alors provoqu\u00e9e et transmise au syst\u00e8me nerveux central (cerveau et moelle \u00e9pini\u00e8re), lequel v\u00e9hicule ensuite cette impulsion \u00e0 la r\u00e9gion du corps correspondante et encourage ainsi son bon fonctionnement<\/span><\/p>\n<p style=\"text-align: justify;\"><span style=\"color: #1c5e08;\">Nous oublions souvent que notre corps est une incroyable merveille capable de faire face \u00e0 la plupart de ses probl\u00e8mes par lui-m\u00eame. Encore faut-il lui en laisser l&rsquo;opportunit\u00e9, c&rsquo;est-\u00e0-dire un moment o\u00f9 il se &laquo;&nbsp;repose et se r\u00e9pare&nbsp;&raquo; en \u00e9tant parfaitement relax\u00e9, comme lors du sommeil en cycle profond.<\/span><\/p>\n<p style=\"text-align: justify;\"><span style=\"color: #1c5e08;\">Nous savons que plus de 80% des maladies sont li\u00e9es au stress. En effet, nous sommes trop souvent bouscul\u00e9s, agress\u00e9s par le rythme que la vie actuelle nous inflige et rarement \u00e0 l&rsquo;\u00e9coute de nous-m\u00eames\u2026 Nous laissons ainsi petit \u00e0 petit nos ressources s&rsquo;\u00e9puiser.<\/span><\/p>\n<p style=\"text-align: justify;\"><span style=\"color: #1c5e08;\">Pendant un traitement de r\u00e9flexologie, en combinant relaxation profonde et stimulation des r\u00e9flexes, nous mettrons toutes les chances de votre c\u00f4t\u00e9 pour permettre \u00e0 votre corps de se r\u00e9tablir par lui-m\u00eame.<\/span><\/p>\n<p style=\"text-align: justify;\"><strong><span style=\"color: #7baa46;\">La r\u00e9flexologie s&rsquo;adresse \u00e0 tout le monde, pour tous les \u00e2ges et toutes les conditions, bien que la pression utilis\u00e9e et la dur\u00e9e de la s\u00e9ance puissent varier selon qu&rsquo;il s&rsquo;agisse d&rsquo;un b\u00e9b\u00e9, d&rsquo;une personne \u00e2g\u00e9e ou malade.<\/span><\/strong><\/p>\n<p style=\"text-align: justify;\"><strong><span style=\"color: #7baa46;\">Remarque importante: La r\u00e9flexologie est un excellent compl\u00e9ment \u00e0 la m\u00e9decine traditionnelle mais ne remplace en aucun cas un avis, un suivi ou un traitement m\u00e9dical.<\/span><\/strong><\/p>\n","protected":false},"excerpt":{"rendered":"<p>La r\u00e9flexologie est un savoir ancestral trouvant ses racines il y a plusieurs mill\u00e9naires, au c\u0153ur des anciennes civilisations chinoise, indienne et \u00e9gyptienne. Il ne s\u2019agit pas d\u2019un massage mais d\u2019un traitement pr\u00e9ventif et th\u00e9rapeutique: son but est de fortifier le syst\u00e8me immunitaire et stimuler les capacit\u00e9s de l\u2019organisme \u00e0 se gu\u00e9rir par lui-m\u00eame, dans &hellip; <a href=\"https:\/\/www.reflexo-riviera.ch\/\">Read more <span class=\"meta-nav\">&rarr;<\/span><\/a><\/p>\n","protected":false},"author":1,"featured_media":0,"parent":0,"menu_order":0,"comment_status":"closed","ping_status":"closed","template":"","meta":[],"_links":{"self":[{"href":"https:\/\/www.reflexo-riviera.ch\/index.php?rest_route=\/wp\/v2\/pages\/6"}],"collection":[{"href":"https:\/\/www.reflexo-riviera.ch\/index.php?rest_route=\/wp\/v2\/pages"}],"about":[{"href":"https:\/\/www.reflexo-riviera.ch\/index.php?rest_route=\/wp\/v2\/types\/page"}],"author":[{"embeddable":true,"href":"https:\/\/www.reflexo-riviera.ch\/index.php?rest_route=\/wp\/v2\/users\/1"}],"replies":[{"embeddable":true,"href":"https:\/\/www.reflexo-riviera.ch\/index.php?rest_route=%2Fwp%2Fv2%2Fcomments&post=6"}],"version-history":[{"count":83,"href":"https:\/\/www.reflexo-riviera.ch\/index.php?rest_route=\/wp\/v2\/pages\/6\/revisions"}],"predecessor-version":[{"id":16,"href":"https:\/\/www.reflexo-riviera.ch\/index.php?rest_route=\/wp\/v2\/pages\/6\/revisions\/16"}],"wp:attachment":[{"href":"https:\/\/www.reflexo-riviera.ch\/index.php?rest_route=%2Fwp%2Fv2%2Fmedia&parent=6"}],"curies":[{"name":"wp","href":"https:\/\/api.w.org\/{rel}","templated":true}]}}