{"id":76,"date":"2012-02-20T22:17:31","date_gmt":"2012-02-20T22:17:31","guid":{"rendered":"http:\/\/www.reflexo-riviera.ch\/?page_id=76"},"modified":"2012-08-23T06:24:48","modified_gmt":"2012-08-23T05:24:48","slug":"liens","status":"publish","type":"page","link":"http:\/\/www.reflexo-riviera.ch\/?page_id=76","title":{"rendered":"Liens"},"content":{"rendered":"<p><span style=\"color: #1c5e08;\"><a href=\"http:\/\/www.asca.ch\" target=\"_blank\"><span style=\"color: #1c5e08;\"><span style=\"color: #7baa46;\">www.asca.ch<\/span><\/span><\/a><br \/>\nFondation suisse pour la reconnaissance et le d\u00e9veloppement des th\u00e9rapies alternatives et compl\u00e9mentaires<\/span><\/p>\n<p><span style=\"color: #1c5e08;\"><a href=\"http:\/\/www.reflexolog.org\" target=\"_blank\"><span style=\"color: #1c5e08;\"><span style=\"color: #7baa46;\">www.reflexolog.org<\/span><\/span><\/a><br \/>\nAssociation Canadienne de R\u00e9flexologie<\/span><\/p>\n","protected":false},"excerpt":{"rendered":"<p>www.asca.ch Fondation suisse pour la reconnaissance et le d\u00e9veloppement des th\u00e9rapies alternatives et compl\u00e9mentaires www.reflexolog.org Association Canadienne de R\u00e9flexologie<\/p>\n","protected":false},"author":1,"featured_media":0,"parent":0,"menu_order":0,"comment_status":"closed","ping_status":"closed","template":"","meta":[],"_links":{"self":[{"href":"http:\/\/www.reflexo-riviera.ch\/index.php?rest_route=\/wp\/v2\/pages\/76"}],"collection":[{"href":"http:\/\/www.reflexo-riviera.ch\/index.php?rest_route=\/wp\/v2\/pages"}],"about":[{"href":"http:\/\/www.reflexo-riviera.ch\/index.php?rest_route=\/wp\/v2\/types\/page"}],"author":[{"embeddable":true,"href":"http:\/\/www.reflexo-riviera.ch\/index.php?rest_route=\/wp\/v2\/users\/1"}],"replies":[{"embeddable":true,"href":"http:\/\/www.reflexo-riviera.ch\/index.php?rest_route=%2Fwp%2Fv2%2Fcomments&post=76"}],"version-history":[{"count":15,"href":"http:\/\/www.reflexo-riviera.ch\/index.php?rest_route=\/wp\/v2\/pages\/76\/revisions"}],"predecessor-version":[{"id":173,"href":"http:\/\/www.reflexo-riviera.ch\/index.php?rest_route=\/wp\/v2\/pages\/76\/revisions\/173"}],"wp:attachment":[{"href":"http:\/\/www.reflexo-riviera.ch\/index.php?rest_route=%2Fwp%2Fv2%2Fmedia&parent=76"}],"curies":[{"name":"wp","href":"https:\/\/api.w.org\/{rel}","templated":true}]}}