{"id":67,"date":"2012-02-20T22:06:35","date_gmt":"2012-02-20T22:06:35","guid":{"rendered":"http:\/\/www.reflexo-riviera.ch\/?page_id=67"},"modified":"2024-01-27T11:24:11","modified_gmt":"2024-01-27T10:24:11","slug":"tarifs-et-modalites","status":"publish","type":"page","link":"http:\/\/www.reflexo-riviera.ch\/?page_id=67","title":{"rendered":"Tarifs &#038; modalit\u00e9s"},"content":{"rendered":"<p><span style=\"color: #1c5e08;\">Premi\u00e8re s\u00e9ance avec anamn\u00e8se \u00a0 \u00a0 \u00a0 \u00a0 \u00a01 heure 30 \u00a0 \u00a0 \u00a0CHF 140.-<\/span><\/p>\n<p><span style=\"color: #1c5e08;\">S\u00e9ance \u00a0 \u00a0 \u00a0 \u00a0 \u00a0 \u00a0 \u00a0 \u00a0 \u00a0 \u00a0 \u00a0 \u00a0 \u00a0 \u00a0 \u00a0 \u00a0 \u00a0 \u00a0 \u00a0 \u00a0 \u00a0 \u00a0 \u00a0 \u00a0 \u00a0 1 heure \u00a0 \u00a0 \u00a0 \u00a0 \u00a0 CHF 120.-<\/span><\/p>\n<p><span style=\"color: #1c5e08;\">D\u00e9placement \u00e0 domicile possible pour 30.- de suppl\u00e9ment, pour un rayon de 10km autour de Vevey<\/span><\/p>\n<p>&nbsp;<\/p>\n<p><span style=\"color: #1c5e08;\">Th\u00e9rapeute agr\u00e9\u00e9e ASCA, mes prestations sont rembours\u00e9es par certaines assurances compl\u00e9mentaires. Veuillez vous renseigner aupr\u00e8s de votre caisse maladie.<\/span><\/p>\n<p><span style=\"color: #1c5e08;\">Les s\u00e9ances sont uniquement sur rendez-vous et\u00a0se paient comptant directement apr\u00e8s chaque s\u00e9ance. En cas d&#8217;emp\u00eachement, merci de m&rsquo;avertir 24h \u00e0 l&rsquo;avance afin d&rsquo;\u00e9viter que le temps r\u00e9serv\u00e9 ne vous soit factur\u00e9.<\/span><\/p>\n<p><span style=\"color: #1c5e08;\">Bon-cadeaux disponibles<\/span><\/p>\n","protected":false},"excerpt":{"rendered":"<p>Premi\u00e8re s\u00e9ance avec anamn\u00e8se \u00a0 \u00a0 \u00a0 \u00a0 \u00a01 heure 30 \u00a0 \u00a0 \u00a0CHF 140.- S\u00e9ance \u00a0 \u00a0 \u00a0 \u00a0 \u00a0 \u00a0 \u00a0 \u00a0 \u00a0 \u00a0 \u00a0 \u00a0 \u00a0 \u00a0 \u00a0 \u00a0 \u00a0 \u00a0 \u00a0 \u00a0 \u00a0 \u00a0 \u00a0 \u00a0 \u00a0 1 heure \u00a0 \u00a0 \u00a0 \u00a0 \u00a0 CHF 120.- D\u00e9placement \u00e0 domicile possible pour &hellip; <a href=\"http:\/\/www.reflexo-riviera.ch\/?page_id=67\">Read more <span class=\"meta-nav\">&rarr;<\/span><\/a><\/p>\n","protected":false},"author":1,"featured_media":0,"parent":0,"menu_order":3,"comment_status":"closed","ping_status":"closed","template":"","meta":[],"_links":{"self":[{"href":"http:\/\/www.reflexo-riviera.ch\/index.php?rest_route=\/wp\/v2\/pages\/67"}],"collection":[{"href":"http:\/\/www.reflexo-riviera.ch\/index.php?rest_route=\/wp\/v2\/pages"}],"about":[{"href":"http:\/\/www.reflexo-riviera.ch\/index.php?rest_route=\/wp\/v2\/types\/page"}],"author":[{"embeddable":true,"href":"http:\/\/www.reflexo-riviera.ch\/index.php?rest_route=\/wp\/v2\/users\/1"}],"replies":[{"embeddable":true,"href":"http:\/\/www.reflexo-riviera.ch\/index.php?rest_route=%2Fwp%2Fv2%2Fcomments&post=67"}],"version-history":[{"count":90,"href":"http:\/\/www.reflexo-riviera.ch\/index.php?rest_route=\/wp\/v2\/pages\/67\/revisions"}],"predecessor-version":[{"id":348,"href":"http:\/\/www.reflexo-riviera.ch\/index.php?rest_route=\/wp\/v2\/pages\/67\/revisions\/348"}],"wp:attachment":[{"href":"http:\/\/www.reflexo-riviera.ch\/index.php?rest_route=%2Fwp%2Fv2%2Fmedia&parent=67"}],"curies":[{"name":"wp","href":"https:\/\/api.w.org\/{rel}","templated":true}]}}