{"id":123,"date":"2012-03-03T10:41:17","date_gmt":"2012-03-03T09:41:17","guid":{"rendered":"http:\/\/www.reflexo-riviera.ch\/?page_id=123"},"modified":"2012-06-10T19:56:41","modified_gmt":"2012-06-10T18:56:41","slug":"seance","status":"publish","type":"page","link":"http:\/\/www.reflexo-riviera.ch\/?page_id=123","title":{"rendered":"S\u00e9ance"},"content":{"rendered":"<h3><span style=\"color: #1c5e08;\">Comment se d\u00e9roule une s\u00e9ance de r\u00e9flexologie?<\/span><\/h3>\n<p style=\"text-align: justify;\"><span style=\"color: #1c5e08;\">Quelques minutes de discussion au d\u00e9but de chaque s\u00e9ance me permettront de cibler au mieux vos besoins. Ensuite, vous n&rsquo;enlevez que vos chaussettes et vous installez confortablement dans un fauteuil de relaxation. Je travaille sur les pieds, les mains et\/ou les oreilles \u00e0 l&rsquo;aide de techniques de pression en utilisant mes pouces, doigts et mains.<\/span><\/p>\n<p style=\"text-align: justify;\"><span style=\"color: #1c5e08;\">Tous les points r\u00e9flexes sont stimul\u00e9s (puisque le corps est consid\u00e9r\u00e9 dans son entier), tout en mettant l&rsquo;accent sur certains points r\u00e9flexes. Vous pourrez alors l\u00e2cher prise et profiter au maximum des effets relaxants de cette m\u00e9thode naturelle.<\/span><\/p>\n<p>&nbsp;<\/p>\n","protected":false},"excerpt":{"rendered":"<p>Comment se d\u00e9roule une s\u00e9ance de r\u00e9flexologie? Quelques minutes de discussion au d\u00e9but de chaque s\u00e9ance me permettront de cibler au mieux vos besoins. Ensuite, vous n&rsquo;enlevez que vos chaussettes et vous installez confortablement dans un fauteuil de relaxation. Je travaille sur les pieds, les mains et\/ou les oreilles \u00e0 l&rsquo;aide de techniques de pression &hellip; <a href=\"http:\/\/www.reflexo-riviera.ch\/?page_id=123\">Read more <span class=\"meta-nav\">&rarr;<\/span><\/a><\/p>\n","protected":false},"author":1,"featured_media":0,"parent":0,"menu_order":0,"comment_status":"closed","ping_status":"closed","template":"","meta":[],"_links":{"self":[{"href":"http:\/\/www.reflexo-riviera.ch\/index.php?rest_route=\/wp\/v2\/pages\/123"}],"collection":[{"href":"http:\/\/www.reflexo-riviera.ch\/index.php?rest_route=\/wp\/v2\/pages"}],"about":[{"href":"http:\/\/www.reflexo-riviera.ch\/index.php?rest_route=\/wp\/v2\/types\/page"}],"author":[{"embeddable":true,"href":"http:\/\/www.reflexo-riviera.ch\/index.php?rest_route=\/wp\/v2\/users\/1"}],"replies":[{"embeddable":true,"href":"http:\/\/www.reflexo-riviera.ch\/index.php?rest_route=%2Fwp%2Fv2%2Fcomments&post=123"}],"version-history":[{"count":30,"href":"http:\/\/www.reflexo-riviera.ch\/index.php?rest_route=\/wp\/v2\/pages\/123\/revisions"}],"predecessor-version":[{"id":291,"href":"http:\/\/www.reflexo-riviera.ch\/index.php?rest_route=\/wp\/v2\/pages\/123\/revisions\/291"}],"wp:attachment":[{"href":"http:\/\/www.reflexo-riviera.ch\/index.php?rest_route=%2Fwp%2Fv2%2Fmedia&parent=123"}],"curies":[{"name":"wp","href":"https:\/\/api.w.org\/{rel}","templated":true}]}}