{"id":12,"date":"2012-01-02T07:58:54","date_gmt":"2012-01-02T07:58:54","guid":{"rendered":"http:\/\/www.reflexo-riviera.ch\/?page_id=12"},"modified":"2024-01-26T06:49:07","modified_gmt":"2024-01-26T05:49:07","slug":"contact","status":"publish","type":"page","link":"http:\/\/www.reflexo-riviera.ch\/?page_id=12","title":{"rendered":"Contact"},"content":{"rendered":"<p><span style=\"color: #1c5e08;\">Alexandra Droguet &#8211; R\u00e9flexologue agr\u00e9\u00e9e ASCA<\/span><\/p>\n<p><span style=\"color: #1c5e08;\">Exerce \u00e0 <strong>Chailly\/Montreux<br \/>\n<\/strong><\/span><br \/>\n<span style=\"color: #1c5e08;\">Cabinet de Naturopathie, E. Byrde<br \/>\nRue du Bourg 25<br \/>\n<\/span><span style=\"color: #1c5e08;\">1816 Chailly<\/span><\/p>\n<p><span style=\"color: #1c5e08;\">info@reflexo-riviera.ch<br \/>\nwww.reflexo-riviera.ch<br \/>\n<\/span><\/p>\n<p>&nbsp;<\/p>\n","protected":false},"excerpt":{"rendered":"<p>Alexandra Droguet &#8211; R\u00e9flexologue agr\u00e9\u00e9e ASCA Exerce \u00e0 Chailly\/Montreux Cabinet de Naturopathie, E. Byrde Rue du Bourg 25 1816 Chailly info@reflexo-riviera.ch www.reflexo-riviera.ch &nbsp;<\/p>\n","protected":false},"author":1,"featured_media":0,"parent":0,"menu_order":2,"comment_status":"closed","ping_status":"closed","template":"","meta":[],"_links":{"self":[{"href":"http:\/\/www.reflexo-riviera.ch\/index.php?rest_route=\/wp\/v2\/pages\/12"}],"collection":[{"href":"http:\/\/www.reflexo-riviera.ch\/index.php?rest_route=\/wp\/v2\/pages"}],"about":[{"href":"http:\/\/www.reflexo-riviera.ch\/index.php?rest_route=\/wp\/v2\/types\/page"}],"author":[{"embeddable":true,"href":"http:\/\/www.reflexo-riviera.ch\/index.php?rest_route=\/wp\/v2\/users\/1"}],"replies":[{"embeddable":true,"href":"http:\/\/www.reflexo-riviera.ch\/index.php?rest_route=%2Fwp%2Fv2%2Fcomments&post=12"}],"version-history":[{"count":48,"href":"http:\/\/www.reflexo-riviera.ch\/index.php?rest_route=\/wp\/v2\/pages\/12\/revisions"}],"predecessor-version":[{"id":347,"href":"http:\/\/www.reflexo-riviera.ch\/index.php?rest_route=\/wp\/v2\/pages\/12\/revisions\/347"}],"wp:attachment":[{"href":"http:\/\/www.reflexo-riviera.ch\/index.php?rest_route=%2Fwp%2Fv2%2Fmedia&parent=12"}],"curies":[{"name":"wp","href":"https:\/\/api.w.org\/{rel}","templated":true}]}}